{"id":487,"date":"2017-08-14T02:30:25","date_gmt":"2017-08-14T02:30:25","guid":{"rendered":"http:\/\/www.vgormaz.cl\/?page_id=487"},"modified":"2025-10-22T12:33:27","modified_gmt":"2025-10-22T12:33:27","slug":"viviana","status":"publish","type":"page","link":"https:\/\/www.vgormaz.cl\/?page_id=487","title":{"rendered":"Yo"},"content":{"rendered":"\t\t<div data-elementor-type=\"wp-page\" data-elementor-id=\"487\" class=\"elementor elementor-487\">\n\t\t\t\t<div class=\"elementor-element elementor-element-12b0afa e-flex e-con-boxed e-con e-parent\" data-id=\"12b0afa\" data-element_type=\"container\">\n\t\t\t\t\t<div class=\"e-con-inner\">\n\t\t\t\t\t<\/div>\n\t\t\t\t<\/div>\n\t\t<div class=\"elementor-element elementor-element-3bdbf8b e-grid e-con-boxed e-con e-parent\" data-id=\"3bdbf8b\" data-element_type=\"container\">\n\t\t\t\t\t<div class=\"e-con-inner\">\n\t\t\t\t<div class=\"elementor-element elementor-element-ba8ac8a elementor-widget elementor-widget-image\" data-id=\"ba8ac8a\" data-element_type=\"widget\" data-widget_type=\"image.default\">\n\t\t\t\t<div class=\"elementor-widget-container\">\n\t\t\t\t\t\t\t\t\t\t\t\t\t\t\t<img fetchpriority=\"high\" decoding=\"async\" width=\"768\" height=\"559\" src=\"https:\/\/www.vgormaz.cl\/wp-content\/uploads\/4-1-768x559-1.jpg\" class=\"attachment-large size-large wp-image-1257\" alt=\"\" srcset=\"https:\/\/www.vgormaz.cl\/wp-content\/uploads\/4-1-768x559-1.jpg 768w, https:\/\/www.vgormaz.cl\/wp-content\/uploads\/4-1-768x559-1-300x218.jpg 300w\" sizes=\"(max-width: 768px) 100vw, 768px\" \/>\t\t\t\t\t\t\t\t\t\t\t\t\t\t\t<\/div>\n\t\t\t\t<\/div>\n\t\t\t\t<div class=\"elementor-element elementor-element-dffa86a elementor-widget elementor-widget-text-editor\" data-id=\"dffa86a\" data-element_type=\"widget\" data-widget_type=\"text-editor.default\">\n\t\t\t\t<div class=\"elementor-widget-container\">\n\t\t\t\t\t\t\t\t\t<p>Soy una ceramista e ilustradora chilena, he estado acompa\u00f1ada por la cer\u00e1mica desde hace muchos a\u00f1os y<br \/>durante ese tiempo he participado en diversas exposiciones de arte colectivas y tambi\u00e9n he tenido las m\u00edas.<\/p><p>He hecho clases y talleres de arte y escultura cer\u00e1mica, porque tambi\u00e9n soy profesora de \u00a0Artes Visuales y tambi\u00e9n dise\u00f1adora.\u00a0 Creo firmemente que el arte es un veh\u00edculo para educar a trav\u00e9s del cual es posible ense\u00f1ar todo tipo de contenido y que por medio de \u00e9l podremos mejorar la calidad de vida de las personas.<\/p><p>Con respecto a la cer\u00e1mica en mi vida creo que es una compa\u00f1era siempre presente que me da un lenguaje espec\u00edfico a trav\u00e9s del cual puedo expresar y sentir, porque es m\u00e1gica, porque es una disciplina at\u00e1vica que ha acompa\u00f1ado a la humanidad a trav\u00e9s de toda su evoluci\u00f3n y tambi\u00e9n a trav\u00e9s de la m\u00eda. Todo esto tambi\u00e9n me ha dado la oportunidad de trabajar con grandes amigos y amigas, y tambi\u00e9n puedo dibujar, por lo que todo esta bien .<\/p><p>Actualmente vivo en Madrid, Espa\u00f1a, donde he continuado mis estudios en la escuela de arte Francisco Alc\u00e1ntara de cer\u00e1mica.<\/p><p>Debido a las oportunidades que se me han presentado, las personas que me rodean y los momentos que \u00a0estoy viviendo, estoy muy agradecida.<\/p>\t\t\t\t\t\t\t\t<\/div>\n\t\t\t\t<\/div>\n\t\t\t\t\t<\/div>\n\t\t\t\t<\/div>\n\t\t<div class=\"elementor-element elementor-element-872e8e9 e-flex e-con-boxed e-con e-parent\" data-id=\"872e8e9\" data-element_type=\"container\">\n\t\t\t\t\t<div class=\"e-con-inner\">\n\t\t\t\t<div class=\"elementor-element elementor-element-667b1cc elementor-widget elementor-widget-image\" data-id=\"667b1cc\" data-element_type=\"widget\" data-widget_type=\"image.default\">\n\t\t\t\t<div class=\"elementor-widget-container\">\n\t\t\t\t\t\t\t\t\t\t\t\t\t\t\t<img decoding=\"async\" width=\"768\" height=\"620\" src=\"https:\/\/www.vgormaz.cl\/wp-content\/uploads\/Pez-dorado-768x620-1.jpg\" class=\"attachment-large size-large wp-image-1777\" alt=\"\" srcset=\"https:\/\/www.vgormaz.cl\/wp-content\/uploads\/Pez-dorado-768x620-1.jpg 768w, https:\/\/www.vgormaz.cl\/wp-content\/uploads\/Pez-dorado-768x620-1-300x242.jpg 300w\" sizes=\"(max-width: 768px) 100vw, 768px\" \/>\t\t\t\t\t\t\t\t\t\t\t\t\t\t\t<\/div>\n\t\t\t\t<\/div>\n\t\t\t\t\t<\/div>\n\t\t\t\t<\/div>\n\t\t\t\t<\/div>\n\t\t","protected":false},"excerpt":{"rendered":"<p>Soy una ceramista e ilustradora chilena, he estado acompa\u00f1ada por la cer\u00e1mica desde hace muchos a\u00f1os ydurante ese tiempo he participado en diversas exposiciones de arte colectivas y tambi\u00e9n he tenido las m\u00edas. He hecho clases y talleres de arte y escultura cer\u00e1mica, porque tambi\u00e9n soy profesora de \u00a0Artes Visuales y tambi\u00e9n dise\u00f1adora.\u00a0 Creo firmemente [&hellip;]<\/p>\n","protected":false},"author":1,"featured_media":0,"parent":0,"menu_order":0,"comment_status":"closed","ping_status":"closed","template":"","meta":{"footnotes":""},"class_list":["post-487","page","type-page","status-publish","hentry"],"_links":{"self":[{"href":"https:\/\/www.vgormaz.cl\/index.php?rest_route=\/wp\/v2\/pages\/487","targetHints":{"allow":["GET"]}}],"collection":[{"href":"https:\/\/www.vgormaz.cl\/index.php?rest_route=\/wp\/v2\/pages"}],"about":[{"href":"https:\/\/www.vgormaz.cl\/index.php?rest_route=\/wp\/v2\/types\/page"}],"author":[{"embeddable":true,"href":"https:\/\/www.vgormaz.cl\/index.php?rest_route=\/wp\/v2\/users\/1"}],"replies":[{"embeddable":true,"href":"https:\/\/www.vgormaz.cl\/index.php?rest_route=%2Fwp%2Fv2%2Fcomments&post=487"}],"version-history":[{"count":155,"href":"https:\/\/www.vgormaz.cl\/index.php?rest_route=\/wp\/v2\/pages\/487\/revisions"}],"predecessor-version":[{"id":2087,"href":"https:\/\/www.vgormaz.cl\/index.php?rest_route=\/wp\/v2\/pages\/487\/revisions\/2087"}],"wp:attachment":[{"href":"https:\/\/www.vgormaz.cl\/index.php?rest_route=%2Fwp%2Fv2%2Fmedia&parent=487"}],"curies":[{"name":"wp","href":"https:\/\/api.w.org\/{rel}","templated":true}]}}